{"id":5754,"date":"2025-06-17T19:39:54","date_gmt":"2025-06-17T19:39:54","guid":{"rendered":"https:\/\/benefeat.pt\/?post_type=product&#038;p=5754"},"modified":"2025-09-23T23:17:15","modified_gmt":"2025-09-23T23:17:15","slug":"papas-de-beterraba-e-banana","status":"publish","type":"product","link":"https:\/\/benefeat.pt\/pt\/produto\/papas-de-beterraba-e-banana\/","title":{"rendered":"Papas de beterraba e banana"},"content":{"rendered":"<p data-start=\"57\" data-end=\"81\"><strong data-start=\"57\" data-end=\"81\">Com papas na l\u00edngua!<\/strong><\/p>\n<p data-start=\"83\" data-end=\"391\">Talvez a <strong data-start=\"92\" data-end=\"105\">Beterraba<\/strong> e a <strong data-start=\"110\" data-end=\"120\">Banana<\/strong> nunca se tenham encontrado antes, mas n\u00f3s somos casamenteiros. E agora\u2026 o que a Benefeat juntou, n\u00e3o separe o homem. Da <strong data-start=\"249\" data-end=\"270\">terra para o copo<\/strong>, estas papas t\u00eam tudo o que precisas para come\u00e7ar o dia com o p\u00e9 direito! Com <strong data-start=\"353\" data-end=\"378\">alto teor de prote\u00edna<\/strong> e <strong data-start=\"381\" data-end=\"390\">fibra<\/strong>.<\/p>","protected":false},"excerpt":{"rendered":"<p data-start=\"57\" data-end=\"81\"><strong data-start=\"57\" data-end=\"81\">Com papas na l\u00edngua!<\/strong><\/p>\n<p data-start=\"83\" data-end=\"391\">Talvez a <strong data-start=\"92\" data-end=\"105\">Beterraba<\/strong> e a <strong data-start=\"110\" data-end=\"120\">Banana<\/strong> nunca se tenham encontrado antes, mas n\u00f3s somos casamenteiros. E agora\u2026 o que a Benefeat juntou, n\u00e3o separe o homem. Da <strong data-start=\"249\" data-end=\"270\">terra para o copo<\/strong>, estas papas t\u00eam tudo o que precisas para come\u00e7ar o dia com o p\u00e9 direito! Com <strong data-start=\"353\" data-end=\"378\">alto teor de prote\u00edna<\/strong> e <strong data-start=\"381\" data-end=\"390\">fibra<\/strong>.<\/p>","protected":false},"featured_media":5758,"template":"","meta":{"_acf_changed":false,"_joinchat":[]},"product_brand":[],"product_cat":[66],"product_tag":[],"class_list":{"0":"post-5754","1":"product","2":"type-product","3":"status-publish","4":"has-post-thumbnail","6":"product_cat-papas","8":"first","9":"outofstock","10":"taxable","11":"shipping-taxable","12":"purchasable","13":"product-type-simple"},"acf":[],"_links":{"self":[{"href":"https:\/\/benefeat.pt\/pt\/wp-json\/wp\/v2\/product\/5754","targetHints":{"allow":["GET"]}}],"collection":[{"href":"https:\/\/benefeat.pt\/pt\/wp-json\/wp\/v2\/product"}],"about":[{"href":"https:\/\/benefeat.pt\/pt\/wp-json\/wp\/v2\/types\/product"}],"wp:featuredmedia":[{"embeddable":true,"href":"https:\/\/benefeat.pt\/pt\/wp-json\/wp\/v2\/media\/5758"}],"wp:attachment":[{"href":"https:\/\/benefeat.pt\/pt\/wp-json\/wp\/v2\/media?parent=5754"}],"wp:term":[{"taxonomy":"product_brand","embeddable":true,"href":"https:\/\/benefeat.pt\/pt\/wp-json\/wp\/v2\/product_brand?post=5754"},{"taxonomy":"product_cat","embeddable":true,"href":"https:\/\/benefeat.pt\/pt\/wp-json\/wp\/v2\/product_cat?post=5754"},{"taxonomy":"product_tag","embeddable":true,"href":"https:\/\/benefeat.pt\/pt\/wp-json\/wp\/v2\/product_tag?post=5754"}],"curies":[{"name":"wp","href":"https:\/\/api.w.org\/{rel}","templated":true}]}}