{"id":3983,"date":"2025-01-24T10:41:14","date_gmt":"2025-01-24T09:41:14","guid":{"rendered":"https:\/\/benefeat.pt\/?page_id=3983"},"modified":"2025-01-24T20:03:12","modified_gmt":"2025-01-24T19:03:12","slug":"apoio-financeiro-do-prr-e-da-ue-internacionalizacao-via-e-commerce","status":"publish","type":"page","link":"https:\/\/benefeat.pt\/pt\/apoio-financeiro-do-prr-e-da-ue-internacionalizacao-via-e-commerce\/","title":{"rendered":"Apoio Financeiro do PRR e da UE \u2013 Internacionaliza\u00e7\u00e3o via E-commerce"},"content":{"rendered":"<div data-elementor-type=\"wp-page\" data-elementor-id=\"3983\" class=\"elementor elementor-3983\" data-elementor-post-type=\"page\">\n\t\t\t\t<div class=\"elementor-element elementor-element-589d3bf e-flex e-con-boxed e-con e-parent\" data-id=\"589d3bf\" data-element_type=\"container\">\n\t\t\t\t\t<div class=\"e-con-inner\">\n\t\t\t\t<div class=\"elementor-element elementor-element-a14e206 elementor-widget elementor-widget-heading\" data-id=\"a14e206\" data-element_type=\"widget\" data-widget_type=\"heading.default\">\n\t\t\t\t<div class=\"elementor-widget-container\">\n\t\t\t\t\t<h2 class=\"elementor-heading-title elementor-size-default\">Apoio Financeiro do PRR e da UE \u2013 Internacionaliza\u00e7\u00e3o via E-commerce<\/h2>\t\t\t\t<\/div>\n\t\t\t\t<\/div>\n\t\t\t\t\t<\/div>\n\t\t\t\t<\/div>\n\t\t<div class=\"elementor-element elementor-element-52ee4b6 e-con-full e-flex e-con e-parent\" data-id=\"52ee4b6\" data-element_type=\"container\">\n\t\t\t\t<div class=\"elementor-element elementor-element-de1b5a6 elementor-widget elementor-widget-text-editor\" data-id=\"de1b5a6\" data-element_type=\"widget\" data-widget_type=\"text-editor.default\">\n\t\t\t\t<div class=\"elementor-widget-container\">\n\t\t\t\t\t\t\t\t\t<section id=\"comp-lbl0fzf0\" class=\"Oqnisf comp-lbl0fzf0 wixui-section\" tabindex=\"-1\" data-block-level-container=\"ClassicSection\"><div class=\"\" data-mesh-id=\"comp-lbl0fzf0inlineContent\" data-testid=\"inline-content\"><div data-mesh-id=\"comp-lbl0fzf0inlineContent-gridContainer\" data-testid=\"mesh-container-content\"><section id=\"comp-kmbwr496\" class=\"comp-kmbwr496 CohWsy wixui-column-strip\"><div class=\"V5AUxf\" data-testid=\"columns\"><div id=\"comp-kmbwr4ad\" class=\"comp-kmbwr4ad YzqVVZ wixui-column-strip__column\"><div id=\"bgLayers_comp-kmbwr4ad\" class=\"MW5IWV\" data-hook=\"bgLayers\" data-motion-part=\"BG_LAYER\"><div id=\"bgMedia_comp-kmbwr4ad\" class=\"VgO9Yg\" data-motion-part=\"BG_MEDIA\"><p><strong>Enquadramento<\/strong><\/p><p>No \u00e2mbito do Plano de Recupera\u00e7\u00e3o e Resili\u00eancia (PRR) Portugu\u00eas foi definido um conjunto de investimentos e reformas que deve contribuir para as dimens\u00f5es da Resili\u00eancia, da Transi\u00e7\u00e3o Clim\u00e1tica e da Transi\u00e7\u00e3o Digital.<\/p><p>Integrada na dimens\u00e3o Transi\u00e7\u00e3o Digital do PRR, a Componente C16 &#8211; Empresas 4.0 visa promover a digitaliza\u00e7\u00e3o da economia, seja por via da adapta\u00e7\u00e3o tecnol\u00f3gica dos operadores econ\u00f3micos e da digitaliza\u00e7\u00e3o dos seus modelos de neg\u00f3cio, seja por via da sensibiliza\u00e7\u00e3o e capacita\u00e7\u00e3o de trabalhadores e empres\u00e1rios.<\/p><p>Por sua vez, o Programa Internacionalizar 2030, aprovado pela Resolu\u00e7\u00e3o do Conselho de Ministros n.\u00ba 20\/2021, de 19 de mar\u00e7o, estabelece como principais prioridades, entre outras, o aumento das exporta\u00e7\u00f5es de bens e servi\u00e7os, o incremento do n\u00famero de exportadores e a diversifica\u00e7\u00e3o de mercados de exporta\u00e7\u00e3o. Para tal, importa promover a acelera\u00e7\u00e3o das exporta\u00e7\u00f5es portuguesas, incrementando o volume das vendas internacionais das empresas que j\u00e1 exportam, bem como alargar a base exportadora, aumentando o n\u00famero de novas empresas exportadoras atrav\u00e9s do refor\u00e7o da capacita\u00e7\u00e3o dos empres\u00e1rios para a internacionaliza\u00e7\u00e3o e da capta\u00e7\u00e3o de novos mercados e clientes externos. Tamb\u00e9m com este prop\u00f3sito, importa dinamizar as exporta\u00e7\u00f5es online de produtos portugueses nos mercados internacionais.<\/p><p>Assim, na Componente C16 do PRR, foi integrado o programa Com\u00e9rcio Digital que contempla, entre outras, a Medida de \u00abInternacionaliza\u00e7\u00e3o via E-commerce\u00bb, que visa o investimento no desenvolvimento de servi\u00e7os de suporte aos processos de internacionaliza\u00e7\u00e3o das PME, nomeadamente em sensibiliza\u00e7\u00e3o, capacita\u00e7\u00e3o e consultoria.<\/p><\/div><\/div><p><strong>Objetivos<\/strong><\/p><p>O objetivo deste concurso consiste em conceder apoios a projetos individuais de PME que, suportados em Planos Detalhados de E-commerce Internacional, visem a concretiza\u00e7\u00e3o de estrat\u00e9gias de internacionaliza\u00e7\u00e3o digital baseadas na implementa\u00e7\u00e3o de tecnologias e processos associados \u00e0s tecnologias digitais que configurem ajustamentos aos modelos de neg\u00f3cio internacionais, anulando barreiras geogr\u00e1ficas e introduzindo altera\u00e7\u00f5es na rela\u00e7\u00e3o entre os v\u00e1rios intervenientes na cadeia de valor, bem como com o cliente. Os projetos devem integrar a presen\u00e7a direta nos canais online, designadamente a cria\u00e7\u00e3o de lojas pr\u00f3prias e\/ou ades\u00e3o a marketplaces, bem como o desenvolvimento de campanhas de promo\u00e7\u00e3o online.<\/p><div id=\"bgLayers_comp-kmbwr4ad\" class=\"MW5IWV\" data-hook=\"bgLayers\" data-motion-part=\"BG_LAYER\"><div id=\"bgMedia_comp-kmbwr4ad\" class=\"VgO9Yg\" data-motion-part=\"BG_MEDIA\"><p><strong>\u00c1reas de Investimentos<\/strong><\/p><ol><li><p>Desenho e implementa\u00e7\u00e3o de estrat\u00e9gias aplicadas a canais digitais para gest\u00e3o de mercados, canais, produtos ou segmentos de cliente;<\/p><\/li><li><p>\u00a0Desenho, implementa\u00e7\u00e3o, otimiza\u00e7\u00e3o de plataformas de Web Content Management (WCM), Campaign Management, Customer Relationship Management e E-commerce;<\/p><\/li><li><p>Cria\u00e7\u00e3o de lojas pr\u00f3prias online, inscri\u00e7\u00e3o e otimiza\u00e7\u00e3o da presen\u00e7a em marketplaces eletr\u00f3nicos, incluindo despesas de subscri\u00e7\u00e3o e fees de ades\u00e3o durante o per\u00edodo de execu\u00e7\u00e3o do projeto;<\/p><\/li><li><p>Search Engine Optimization (SEO) e Search Engine Advertising (SEA): melhoria da presen\u00e7a e ranking dos s\u00edtios de com\u00e9rcio eletr\u00f3nico nos resultados da pesquisa, em motores de busca, por palavras-chave relevantes para a notoriedade e tr\u00e1fego de cada s\u00edtio;<\/p><\/li><li><p>Social Media Marketing: Desenho, implementa\u00e7\u00e3o e otimiza\u00e7\u00e3o da presen\u00e7a e intera\u00e7\u00e3o com clientes via redes sociais<\/p><\/li><li><p>Content Marketing: cria\u00e7\u00e3o e distribui\u00e7\u00e3o de conte\u00fados digitais (texto curto, texto longo, imagens, anima\u00e7\u00f5es ou v\u00eddeos) dirigidos a captar a aten\u00e7\u00e3o e atrair os clientes-alvo para as ofertas comercializadas pela empresa;<\/p><\/li><li><p>Business Inteligence e Web Analytics: recolha, tratamento, an\u00e1lise e visualiza\u00e7\u00e3o de grandes volumes de dados gerados a partir da navega\u00e7\u00e3o e intera\u00e7\u00e3o de clientes em ambiente digital por forma a identificar padr\u00f5es, correla\u00e7\u00f5es e conhecimento relevante que robuste\u00e7am os processos de gest\u00e3o e tomada de decis\u00e3o.<\/p><\/li><\/ol><\/div><p><strong>Resultados<\/strong><\/p><ol><li><p>Cria\u00e7\u00e3o de Loja Pr\u00f3pria Online;<\/p><\/li><li><p>20 novos servi\u00e7os e\/ou funcionalidades introduzidas em loja pr\u00f3pria online;<\/p><\/li><li><p>15 novas ades\u00f5es a marketplaces;<\/p><\/li><li><p>13 mercados abrangidos no \u00e2mbito das a\u00e7\u00f5es de marketing digital;<\/p><\/li><li><p>10.000\u20ac de vendas internacionais atrav\u00e9s dos canais digitais.<\/p><\/li><\/ol><\/div><p class=\"p1\"><b>Conclus\u00e3o<\/b><\/p><p class=\"p1\">Com o apoio financeiro do PRR e da UE, atrav\u00e9s da Medida de \u00abInternacionaliza\u00e7\u00e3o via E-commerce\u00bb, foi-nos poss\u00edvel munir dos meios necess\u00e1rios para atingir os objetivos a que nos propusemos. Para al\u00e9m disso, contamos que o impacto desta medida se fa\u00e7a sentir a m\u00e9dio\/longo prazo, como rampa de crescimento da Benefeat no mundo digital. Muito agradecemos o apoio e suporte concedidos.<\/p><\/div><p>Montante eleg\u00edvel do projeto: 21.519,00\u20ac<\/p><\/div><\/section><\/div><\/div><\/section>\t\t\t\t\t\t\t\t<\/div>\n\t\t\t\t<\/div>\n\t\t\t\t<\/div>\n\t\t\t\t<\/div>","protected":false},"excerpt":{"rendered":"<p>Apoio Financeiro do PRR e da UE \u2013 Internacionaliza\u00e7\u00e3o via E-commerce Enquadramento No \u00e2mbito do Plano de Recupera\u00e7\u00e3o e Resili\u00eancia (PRR) Portugu\u00eas foi definido um conjunto de investimentos e reformas que deve contribuir para as dimens\u00f5es da Resili\u00eancia, da Transi\u00e7\u00e3o Clim\u00e1tica e da Transi\u00e7\u00e3o Digital. Integrada na dimens\u00e3o Transi\u00e7\u00e3o Digital do PRR, a Componente C16 [&hellip;]<\/p>","protected":false},"author":18,"featured_media":0,"parent":0,"menu_order":0,"comment_status":"closed","ping_status":"closed","template":"","meta":{"_acf_changed":false,"_joinchat":[],"footnotes":""},"class_list":["post-3983","page","type-page","status-publish","hentry"],"acf":[],"_links":{"self":[{"href":"https:\/\/benefeat.pt\/pt\/wp-json\/wp\/v2\/pages\/3983","targetHints":{"allow":["GET"]}}],"collection":[{"href":"https:\/\/benefeat.pt\/pt\/wp-json\/wp\/v2\/pages"}],"about":[{"href":"https:\/\/benefeat.pt\/pt\/wp-json\/wp\/v2\/types\/page"}],"author":[{"embeddable":true,"href":"https:\/\/benefeat.pt\/pt\/wp-json\/wp\/v2\/users\/18"}],"replies":[{"embeddable":true,"href":"https:\/\/benefeat.pt\/pt\/wp-json\/wp\/v2\/comments?post=3983"}],"version-history":[{"count":0,"href":"https:\/\/benefeat.pt\/pt\/wp-json\/wp\/v2\/pages\/3983\/revisions"}],"wp:attachment":[{"href":"https:\/\/benefeat.pt\/pt\/wp-json\/wp\/v2\/media?parent=3983"}],"curies":[{"name":"wp","href":"https:\/\/api.w.org\/{rel}","templated":true}]}}